{"id":6151,"date":"2023-11-03T12:17:56","date_gmt":"2023-11-03T11:17:56","guid":{"rendered":"https:\/\/lanouvellevague.iziweb.solutions\/?page_id=6151"},"modified":"2023-11-03T12:25:15","modified_gmt":"2023-11-03T11:25:15","slug":"actualites","status":"publish","type":"page","link":"https:\/\/lanouvellevague.iziweb.solutions\/index.php\/actualites\/","title":{"rendered":"Actualit\u00e9s"},"content":{"rendered":"\t\t<div data-elementor-type=\"wp-page\" data-elementor-id=\"6151\" class=\"elementor elementor-6151\">\n\t\t\t\t\t\t\t\t\t<section data-custom-animations=\"true\" data-ca-options=\"{&quot;addChildTimelines&quot;:false,&quot;animationTarget&quot;:&quot;:scope &gt; .elementor-container &gt; .elementor-column&quot;,&quot;ease&quot;:[&quot;power4.out&quot;],&quot;initValues&quot;:{&quot;x&quot;:&quot;-10px&quot;,&quot;y&quot;:&quot;10px&quot;,&quot;opacity&quot;:0},&quot;animations&quot;:{&quot;x&quot;:&quot;0px&quot;,&quot;y&quot;:&quot;0px&quot;,&quot;opacity&quot;:1}}\" class=\"elementor-section elementor-top-section elementor-element elementor-element-16f9e20d elementor-section-boxed elementor-section-height-default elementor-section-height-default\" data-id=\"16f9e20d\" data-element_type=\"section\" data-settings=\"{&quot;background_background&quot;:&quot;classic&quot;}\">\n\t\t\t\t\t\t<div class=\"elementor-container elementor-column-gap-default\">\n\t\t\t\t\t<div class=\"elementor-column elementor-col-100 elementor-top-column elementor-element elementor-element-a667f00\" data-id=\"a667f00\" data-element_type=\"column\">\n\t\t\t<div class=\"elementor-widget-wrap elementor-element-populated\">\n\t\t\t\t\t\t\t\t<div class=\"elementor-element elementor-element-46cbbf73 elementor-widget elementor-widget-hub_fancy_heading\" data-id=\"46cbbf73\" data-element_type=\"widget\" data-widget_type=\"hub_fancy_heading.default\">\n\t\t\t\t<div class=\"elementor-widget-container\">\n\t\t\t\n\t\t<div id=\"ld-fancy-heading-69e21e615b651\" class=\"ld-fancy-heading pos-rel\">\n\t\t\t<h2 class=\"ld-fh-element d-inline-block pos-rel  elementor-heading-title lqd-highlight-classic lqd-highlight-grow-left h2\"  > Nos actualit\u00e9s<\/h2>\t\t<\/div>\n\n\t\t\t\t<\/div>\n\t\t\t\t<\/div>\n\t\t\t\t<div class=\"elementor-element elementor-element-413b0d8b elementor-widget elementor-widget-hub_fancy_heading\" data-id=\"413b0d8b\" data-element_type=\"widget\" data-widget_type=\"hub_fancy_heading.default\">\n\t\t\t\t<div class=\"elementor-widget-container\">\n\t\t\t\n\t\t<div id=\"ld-fancy-heading-69e21e615bfa1\" class=\"ld-fancy-heading pos-rel\">\n\t\t\t<p class=\"ld-fh-element d-inline-block pos-rel  lqd-highlight-classic lqd-highlight-grow-left p\"  > D\u00e9couvrez ici les promotions du moment, les derniers arrivages, des conseils, astuces et toutes nos autres actualit\u00e9s !<\/p>\t\t<\/div>\n\n\t\t\t\t<\/div>\n\t\t\t\t<\/div>\n\t\t\t\t<div class=\"elementor-element elementor-element-c316dec elementor-widget-divider--view-line_icon elementor-view-default elementor-widget-divider--element-align-center elementor-widget elementor-widget-divider\" data-id=\"c316dec\" data-element_type=\"widget\" data-widget_type=\"divider.default\">\n\t\t\t\t<div class=\"elementor-widget-container\">\n\t\t\t<style>\/*! elementor - v3.17.0 - 01-11-2023 *\/\n.elementor-widget-divider{--divider-border-style:none;--divider-border-width:1px;--divider-color:#0c0d0e;--divider-icon-size:20px;--divider-element-spacing:10px;--divider-pattern-height:24px;--divider-pattern-size:20px;--divider-pattern-url:none;--divider-pattern-repeat:repeat-x}.elementor-widget-divider .elementor-divider{display:flex}.elementor-widget-divider .elementor-divider__text{font-size:15px;line-height:1;max-width:95%}.elementor-widget-divider .elementor-divider__element{margin:0 var(--divider-element-spacing);flex-shrink:0}.elementor-widget-divider .elementor-icon{font-size:var(--divider-icon-size)}.elementor-widget-divider .elementor-divider-separator{display:flex;margin:0;direction:ltr}.elementor-widget-divider--view-line_icon .elementor-divider-separator,.elementor-widget-divider--view-line_text .elementor-divider-separator{align-items:center}.elementor-widget-divider--view-line_icon .elementor-divider-separator:after,.elementor-widget-divider--view-line_icon .elementor-divider-separator:before,.elementor-widget-divider--view-line_text .elementor-divider-separator:after,.elementor-widget-divider--view-line_text .elementor-divider-separator:before{display:block;content:\"\";border-bottom:0;flex-grow:1;border-top:var(--divider-border-width) var(--divider-border-style) var(--divider-color)}.elementor-widget-divider--element-align-left .elementor-divider .elementor-divider-separator>.elementor-divider__svg:first-of-type{flex-grow:0;flex-shrink:100}.elementor-widget-divider--element-align-left .elementor-divider-separator:before{content:none}.elementor-widget-divider--element-align-left .elementor-divider__element{margin-left:0}.elementor-widget-divider--element-align-right .elementor-divider .elementor-divider-separator>.elementor-divider__svg:last-of-type{flex-grow:0;flex-shrink:100}.elementor-widget-divider--element-align-right .elementor-divider-separator:after{content:none}.elementor-widget-divider--element-align-right .elementor-divider__element{margin-right:0}.elementor-widget-divider:not(.elementor-widget-divider--view-line_text):not(.elementor-widget-divider--view-line_icon) .elementor-divider-separator{border-top:var(--divider-border-width) var(--divider-border-style) var(--divider-color)}.elementor-widget-divider--separator-type-pattern{--divider-border-style:none}.elementor-widget-divider--separator-type-pattern.elementor-widget-divider--view-line .elementor-divider-separator,.elementor-widget-divider--separator-type-pattern:not(.elementor-widget-divider--view-line) .elementor-divider-separator:after,.elementor-widget-divider--separator-type-pattern:not(.elementor-widget-divider--view-line) .elementor-divider-separator:before,.elementor-widget-divider--separator-type-pattern:not([class*=elementor-widget-divider--view]) .elementor-divider-separator{width:100%;min-height:var(--divider-pattern-height);-webkit-mask-size:var(--divider-pattern-size) 100%;mask-size:var(--divider-pattern-size) 100%;-webkit-mask-repeat:var(--divider-pattern-repeat);mask-repeat:var(--divider-pattern-repeat);background-color:var(--divider-color);-webkit-mask-image:var(--divider-pattern-url);mask-image:var(--divider-pattern-url)}.elementor-widget-divider--no-spacing{--divider-pattern-size:auto}.elementor-widget-divider--bg-round{--divider-pattern-repeat:round}.rtl .elementor-widget-divider .elementor-divider__text{direction:rtl}.e-con-inner>.elementor-widget-divider,.e-con>.elementor-widget-divider{width:var(--container-widget-width,100%);--flex-grow:var(--container-widget-flex-grow)}<\/style>\t\t<div class=\"elementor-divider\">\n\t\t\t<span class=\"elementor-divider-separator\">\n\t\t\t\t\t\t\t<div class=\"elementor-icon elementor-divider__element\">\n\t\t\t\t\t<i aria-hidden=\"true\" class=\"fas fa-fish\"><\/i><\/div>\n\t\t\t\t\t\t<\/span>\n\t\t<\/div>\n\t\t\t\t<\/div>\n\t\t\t\t<\/div>\n\t\t\t\t\t<\/div>\n\t\t<\/div>\n\t\t\t\t<div class=\"elementor-column elementor-col-100 elementor-top-column elementor-element elementor-element-5df1288b\" data-id=\"5df1288b\" data-element_type=\"column\">\n\t\t\t<div class=\"elementor-widget-wrap elementor-element-populated\">\n\t\t\t\t\t\t\t\t<div class=\"elementor-element elementor-element-7f7c6f3a elementor-widget elementor-widget-ld_blog\" data-id=\"7f7c6f3a\" data-element_type=\"widget\" data-widget_type=\"ld_blog.default\">\n\t\t\t\t<div class=\"elementor-widget-container\">\n\t\t\t<div class=\"lqd-lp-grid 7f7c6f3a blog-id-2138861370 \"><div class=\"lqd-lp-row row pos-rel d-flex flex-wrap\" ><div class=\"lqd-lp-column d-flex flex-column col-md-4 col-sm-6 blog\"><article id=\"post-1\" class=\"lqd-lp pos-rel lqd-lp lqd-lp-style-19 lqd-lp-title-highlight text-start post-1 post type-post status-publish format-standard hentry category-blog\"><div class=\"lqd-lp-img pos-rel mb-4 overflow-hidden\">\n\t\t<footer class=\"lqd-lp-footer d-flex align-items-end justify-content-end pos-abs w-100 h-100\">\n\n\t\t<a href=\"https:\/\/lanouvellevague.iziweb.solutions\/index.php\/2023\/11\/02\/bonjour-tout-le-monde\/\" class=\"btn btn-solid border-none btn-xsm\">\n\t\t\t<span class=\"btn-txt\">read<\/span>\n\t\t\t<span class=\"btn-icon\">\n\t\t\t\t<i class=\"lqd-icn-ess icon-ion-ios-add\"><\/i>\n\t\t\t<\/span>\n\t\t<\/a>\n\n\t<\/footer>\n\n<\/div>\n\n<div class=\"lqd-lp-meta d-flex align-items-center p-0 mb-2\">\n\t\n\t<span class=\"screen-reader-text\">Tags <\/span><ul class=\"lqd-lp-cat reset-ul inline-ul pos-rel z-index-3 text-uppercase ltr-sp-1\"><li><a href=\"https:\/\/lanouvellevague.iziweb.solutions\/index.php\/category\/blog\/\" rel=\"category\">Blog<\/a><\/li><\/ul>\n<\/div>\n\n<header class=\"lqd-lp-header mb-3\">\n\t<h2 class=\"lqd-lp-title h5 m-0 pos-rel z-index-2\">\n\t\t<a href=\"https:\/\/lanouvellevague.iziweb.solutions\/index.php\/2023\/11\/02\/bonjour-tout-le-monde\/\" data-split-text=\"true\" data-split-options='{\"type\": \"lines\", \"disableOnMobile\": true}'>Bonjour tout le monde\u00a0!<\/a>\n\t<\/h2>\n<\/header>\n\n<a  href=\"https:\/\/lanouvellevague.iziweb.solutions\/index.php\/2023\/11\/02\/bonjour-tout-le-monde\/\" class=\"lqd-lp-overlay-link lqd-overlay z-index-2\" tab-index=\"-1\"><\/a><\/article><\/div><div class=\"lqd-lp-column d-flex flex-column col-md-4 col-sm-6 food\"><article id=\"post-5689\" class=\"lqd-lp pos-rel lqd-lp lqd-lp-style-19 lqd-lp-title-highlight text-start post-5689 post type-post status-publish format-standard has-post-thumbnail hentry category-food tag-food\"><div class=\"lqd-lp-img pos-rel mb-4 overflow-hidden\">\n\t<figure class=\"pos-rel overflow-hidden\"><img fetchpriority=\"high\" decoding=\"async\" width=\"700\" height=\"450\" src=\"https:\/\/lanouvellevague.iziweb.solutions\/wp-content\/uploads\/2021\/09\/post-1@2x-700x450.jpg\" class=\"w-100 wp-post-image\" alt=\"\" itemprop=\"image\" \/><\/figure>\t<footer class=\"lqd-lp-footer d-flex align-items-end justify-content-end pos-abs w-100 h-100\">\n\n\t\t<a href=\"https:\/\/lanouvellevague.iziweb.solutions\/index.php\/2021\/09\/06\/what-are-the-best-ingredients-to-make-a-good-dessert\/\" class=\"btn btn-solid border-none btn-xsm\">\n\t\t\t<span class=\"btn-txt\">read<\/span>\n\t\t\t<span class=\"btn-icon\">\n\t\t\t\t<i class=\"lqd-icn-ess icon-ion-ios-add\"><\/i>\n\t\t\t<\/span>\n\t\t<\/a>\n\n\t<\/footer>\n\n<\/div>\n\n<div class=\"lqd-lp-meta d-flex align-items-center p-0 mb-2\">\n\t\n\t<span class=\"screen-reader-text\">Tags <\/span><ul class=\"lqd-lp-cat reset-ul inline-ul pos-rel z-index-3 text-uppercase ltr-sp-1\"><li><a href=\"https:\/\/lanouvellevague.iziweb.solutions\/index.php\/category\/food\/\" rel=\"category\">Food<\/a><\/li><\/ul>\n<\/div>\n\n<header class=\"lqd-lp-header mb-3\">\n\t<h2 class=\"lqd-lp-title h5 m-0 pos-rel z-index-2\">\n\t\t<a href=\"https:\/\/lanouvellevague.iziweb.solutions\/index.php\/2021\/09\/06\/what-are-the-best-ingredients-to-make-a-good-dessert\/\" data-split-text=\"true\" data-split-options='{\"type\": \"lines\", \"disableOnMobile\": true}'>What are the best ingredients to make a good dessert<\/a>\n\t<\/h2>\n<\/header>\n\n<a  href=\"https:\/\/lanouvellevague.iziweb.solutions\/index.php\/2021\/09\/06\/what-are-the-best-ingredients-to-make-a-good-dessert\/\" class=\"lqd-lp-overlay-link lqd-overlay z-index-2\" tab-index=\"-1\"><\/a><\/article><\/div><div class=\"lqd-lp-column d-flex flex-column col-md-4 col-sm-6 restaurant\"><article id=\"post-3500\" class=\"lqd-lp pos-rel lqd-lp lqd-lp-style-19 lqd-lp-title-highlight text-start post-3500 post type-post status-publish format-standard has-post-thumbnail hentry category-restaurant tag-restaurant\"><div class=\"lqd-lp-img pos-rel mb-4 overflow-hidden\">\n\t<figure class=\"pos-rel overflow-hidden\"><img decoding=\"async\" width=\"700\" height=\"450\" src=\"data:image\/svg+xml;charset=utf-8,%3Csvg xmlns%3D&#039;http%3A%2F%2Fwww.w3.org%2F2000%2Fsvg&#039; viewBox%3D&#039;0 0 700 450&#039;%2F%3E\" class=\"w-100 ld-lazyload wp-post-image\" alt=\"\" itemprop=\"image\" data-src=\"https:\/\/lanouvellevague.iziweb.solutions\/wp-content\/uploads\/2021\/09\/post-2@2x-700x450.jpg\" data-aspect=\"1.5555555555556\" \/><\/figure>\t<footer class=\"lqd-lp-footer d-flex align-items-end justify-content-end pos-abs w-100 h-100\">\n\n\t\t<a href=\"https:\/\/lanouvellevague.iziweb.solutions\/index.php\/2020\/09\/24\/utilizing-mobile-technology-in-the-field\/\" class=\"btn btn-solid border-none btn-xsm\">\n\t\t\t<span class=\"btn-txt\">read<\/span>\n\t\t\t<span class=\"btn-icon\">\n\t\t\t\t<i class=\"lqd-icn-ess icon-ion-ios-add\"><\/i>\n\t\t\t<\/span>\n\t\t<\/a>\n\n\t<\/footer>\n\n<\/div>\n\n<div class=\"lqd-lp-meta d-flex align-items-center p-0 mb-2\">\n\t\n\t<span class=\"screen-reader-text\">Tags <\/span><ul class=\"lqd-lp-cat reset-ul inline-ul pos-rel z-index-3 text-uppercase ltr-sp-1\"><li><a href=\"https:\/\/lanouvellevague.iziweb.solutions\/index.php\/category\/restaurant\/\" rel=\"category\">Restaurant<\/a><\/li><\/ul>\n<\/div>\n\n<header class=\"lqd-lp-header mb-3\">\n\t<h2 class=\"lqd-lp-title h5 m-0 pos-rel z-index-2\">\n\t\t<a href=\"https:\/\/lanouvellevague.iziweb.solutions\/index.php\/2020\/09\/24\/utilizing-mobile-technology-in-the-field\/\" data-split-text=\"true\" data-split-options='{\"type\": \"lines\", \"disableOnMobile\": true}'>10 best places for casual dining in NYC, Manhattan<\/a>\n\t<\/h2>\n<\/header>\n\n<a  href=\"https:\/\/lanouvellevague.iziweb.solutions\/index.php\/2020\/09\/24\/utilizing-mobile-technology-in-the-field\/\" class=\"lqd-lp-overlay-link lqd-overlay z-index-2\" tab-index=\"-1\"><\/a><\/article><\/div><\/div><!--\/ .row --><\/div><!--\/ .lqd-lp-grid -->\t\t<\/div>\n\t\t\t\t<\/div>\n\t\t\t\t\t<\/div>\n\t\t<\/div>\n\t\t\t\t\t\t\t<\/div>\n\t\t<\/section>\n\t\t\t\t\t\t\t<\/div>\n\t\t","protected":false},"excerpt":{"rendered":"<p>Nos actualit\u00e9s D\u00e9couvrez ici les promotions du moment, les derniers arrivages, des conseils, astuces et toutes nos autres actualit\u00e9s ! read Tags Blog Bonjour tout le monde\u00a0! read Tags Food What are the best ingredients to make a good dessert read Tags Restaurant 10 best places for casual dining in NYC, Manhattan<\/p>\n","protected":false},"author":1,"featured_media":0,"parent":0,"menu_order":0,"comment_status":"closed","ping_status":"closed","template":"","meta":{"footnotes":""},"class_list":["post-6151","page","type-page","status-publish","hentry"],"_links":{"self":[{"href":"https:\/\/lanouvellevague.iziweb.solutions\/index.php\/wp-json\/wp\/v2\/pages\/6151","targetHints":{"allow":["GET"]}}],"collection":[{"href":"https:\/\/lanouvellevague.iziweb.solutions\/index.php\/wp-json\/wp\/v2\/pages"}],"about":[{"href":"https:\/\/lanouvellevague.iziweb.solutions\/index.php\/wp-json\/wp\/v2\/types\/page"}],"author":[{"embeddable":true,"href":"https:\/\/lanouvellevague.iziweb.solutions\/index.php\/wp-json\/wp\/v2\/users\/1"}],"replies":[{"embeddable":true,"href":"https:\/\/lanouvellevague.iziweb.solutions\/index.php\/wp-json\/wp\/v2\/comments?post=6151"}],"version-history":[{"count":7,"href":"https:\/\/lanouvellevague.iziweb.solutions\/index.php\/wp-json\/wp\/v2\/pages\/6151\/revisions"}],"predecessor-version":[{"id":6164,"href":"https:\/\/lanouvellevague.iziweb.solutions\/index.php\/wp-json\/wp\/v2\/pages\/6151\/revisions\/6164"}],"wp:attachment":[{"href":"https:\/\/lanouvellevague.iziweb.solutions\/index.php\/wp-json\/wp\/v2\/media?parent=6151"}],"curies":[{"name":"wp","href":"https:\/\/api.w.org\/{rel}","templated":true}]}}